{"id":2074,"date":"2017-01-24T21:58:59","date_gmt":"2017-01-24T20:58:59","guid":{"rendered":"https:\/\/www.jus.sk\/o-nas\/"},"modified":"2021-06-16T07:52:54","modified_gmt":"2021-06-16T05:52:54","slug":"o-nas","status":"publish","type":"page","link":"https:\/\/www.jus.sk\/en\/","title":{"rendered":"ABOUT US"},"content":{"rendered":"<div class=\"flex_column av_one_fourth  av-animated-generic top-to-bottom  flex_column_div av-zero-column-padding first  jus-panel \" style='background-color:#1d63b8; border-radius:0px; '><p><div class='avia-image-container  av-styling-no-styling    avia-align-center '  itemscope=\"itemscope\" itemtype=\"https:\/\/schema.org\/ImageObject\"  ><div class='avia-image-container-inner'><img class='avia_image ' src='https:\/\/www.jus.sk\/wp-content\/uploads\/2017\/01\/1-500.jpg' alt='' title='1-500'   itemprop=\"contentURL\"  \/><\/div><\/div><br \/>\n<section class=\"av_textblock_section\"  itemscope=\"itemscope\" itemtype=\"https:\/\/schema.org\/CreativeWork\" ><div class='avia_textblock home_item_box jus-panel-bg'  style='font-size:26px; '  itemprop=\"text\" ><h3 style=\"text-align: center; font-size: 22px; font-weight: 500; margin-bottom: 0px !important;\">Single-purpose machines<\/h3>\n<\/div><\/section><br \/>\n<section class=\"avia_codeblock_section avia_code_block_0\"  itemscope=\"itemscope\" itemtype=\"https:\/\/schema.org\/CreativeWork\" ><div class='avia_codeblock '  itemprop=\"text\" > [avia_codeblock_placeholder uid=\"0\"] <\/div><\/section><\/p><\/div><div class=\"flex_column av_one_fourth  av-animated-generic top-to-bottom  flex_column_div av-zero-column-padding   jus-panel \" style='border-radius:0px; '><p><div class='avia-image-container  av-styling-no-styling    avia-align-center '  itemscope=\"itemscope\" itemtype=\"https:\/\/schema.org\/ImageObject\"  ><div class='avia-image-container-inner'><img class='avia_image ' src='https:\/\/www.jus.sk\/wp-content\/uploads\/2017\/01\/2-500.jpg' alt='' title='food packing'   itemprop=\"contentURL\"  \/><\/div><\/div><br \/>\n<section class=\"av_textblock_section\"  itemscope=\"itemscope\" itemtype=\"https:\/\/schema.org\/CreativeWork\" ><div class='avia_textblock home_item_box jus-panel-bg'  style='font-size:26px; '  itemprop=\"text\" ><h3 style=\"text-align: center; font-size: 22px; font-weight: 500; margin-bottom: 0px !important;\">Conveyors and production lines<\/h3>\n<\/div><\/section><br \/>\n<section class=\"avia_codeblock_section avia_code_block_1\"  itemscope=\"itemscope\" itemtype=\"https:\/\/schema.org\/CreativeWork\" ><div class='avia_codeblock '  itemprop=\"text\" > [avia_codeblock_placeholder uid=\"1\"] <\/div><\/section><\/p><\/div><div class=\"flex_column av_one_fourth  av-animated-generic top-to-bottom  flex_column_div av-zero-column-padding   jus-panel \" style='border-radius:0px; '><p><div class='avia-image-container  av-styling-no-styling    avia-align-center '  itemscope=\"itemscope\" itemtype=\"https:\/\/schema.org\/ImageObject\"  ><div class='avia-image-container-inner'><img class='avia_image ' src='https:\/\/www.jus.sk\/wp-content\/uploads\/2017\/01\/3-500.jpg' alt='' title='automatic robot assembly line in factory'   itemprop=\"contentURL\"  \/><\/div><\/div><br \/>\n<section class=\"av_textblock_section\"  itemscope=\"itemscope\" itemtype=\"https:\/\/schema.org\/CreativeWork\" ><div class='avia_textblock home_item_box jus-panel-bg'  style='font-size:26px; '  itemprop=\"text\" ><h3 style=\"text-align: center; font-size: 22px; font-weight: 500; margin-bottom: 0px !important;\">Robotized workplaces<\/h3>\n<\/div><\/section><br \/>\n<section class=\"avia_codeblock_section avia_code_block_2\"  itemscope=\"itemscope\" itemtype=\"https:\/\/schema.org\/CreativeWork\" ><div class='avia_codeblock '  itemprop=\"text\" > [avia_codeblock_placeholder uid=\"2\"] <\/div><\/section><\/p><\/div><div class=\"flex_column av_one_fourth  av-animated-generic top-to-bottom  flex_column_div av-zero-column-padding   jus-panel \" style='border-radius:0px; '><p><div class='avia-image-container  av-styling-no-styling    avia-align-center '  itemscope=\"itemscope\" itemtype=\"https:\/\/schema.org\/ImageObject\"  ><div class='avia-image-container-inner'><img class='avia_image ' src='https:\/\/www.jus.sk\/wp-content\/uploads\/2017\/01\/4-500.jpg' alt='' title='4-500'   itemprop=\"contentURL\"  \/><\/div><\/div><br \/>\n<section class=\"av_textblock_section\"  itemscope=\"itemscope\" itemtype=\"https:\/\/schema.org\/CreativeWork\" ><div class='avia_textblock home_item_box jus-panel-bg'  style='font-size:26px; '  itemprop=\"text\" ><h3 style=\"text-align: center; font-size: 22px; font-weight: 500; margin-bottom: 0px !important;\">Hydraulic<br \/>\nlifts<\/h3>\n<\/div><\/section><br \/>\n<section class=\"avia_codeblock_section avia_code_block_3\"  itemscope=\"itemscope\" itemtype=\"https:\/\/schema.org\/CreativeWork\" ><div class='avia_codeblock '  itemprop=\"text\" > [avia_codeblock_placeholder uid=\"3\"] <\/div><\/section><\/p><\/div><section class=\"av_textblock_section\"  itemscope=\"itemscope\" itemtype=\"https:\/\/schema.org\/CreativeWork\" ><div class='avia_textblock jus-text-align-left jus-fourth-mobile'   itemprop=\"text\" ><h2 style=\"text-align: center;\">Profil spolo\u010dnosti&nbsp;<\/h2>\n<\/div><\/section><\/p>\n<div class=\"flex_column av_one_fourth  flex_column_div av-zero-column-padding first  jus-mobile-none \" style='border-radius:0px; '><section class=\"av_textblock_section\"  itemscope=\"itemscope\" itemtype=\"https:\/\/schema.org\/CreativeWork\" ><div class='avia_textblock jus-text-align-left homepage-h2'  style='font-size:32px; '  itemprop=\"text\" ><h2 style=\"text-align: right;\">Company<\/h2>\n<h2 style=\"text-align: right;\">profile<\/h2>\n<\/div><\/section><\/div>\n<div class=\"flex_column av_three_fourth  flex_column_div av-zero-column-padding   text-homepage jus-mobile-100 \" style='border-radius:0px; '><section class=\"av_textblock_section\"  itemscope=\"itemscope\" itemtype=\"https:\/\/schema.org\/CreativeWork\" ><div class='avia_textblock homepage-description'  style='font-size:16px; '  itemprop=\"text\" ><p style=\"margin-top: 0px; margin-bottom: 0px;\">The company JUS spol sr.o. was established in 1997 as a successor of the of the OTF a.s. company\u2019 JUS plant by purchasing means of production and delimiting production workers.<\/p>\n<p style=\"margin-top: 0px;\">Through its activities, it continues the tradition of development and production of single-purpose machines and equipment, based on its qualified staff and many years of experience.<\/p>\n<p style=\"margin-top: 0px;\">Our company is ready to solve diverse customer requirements in the field of automation of production processes and metal production.<\/p>\n<\/div><\/section><br \/>\n<div style='height:20px' class='hr hr-invisible  '><span class='hr-inner ' ><span class='hr-inner-style'><\/span><\/span><\/div><\/p><\/div>\n<div class=\"flex_column av_one_fourth  flex_column_div av-zero-column-padding first  jus-mobile-none \" style='border-radius:0px; '><\/div>\n<div class=\"flex_column av_one_fourth  flex_column_div av-zero-column-padding   jus-homepage-bottom jus-mobile-33 \" style='border-radius:0px; '><div class='avia-image-container  av-styling-no-styling   home-image avia-align- '  itemscope=\"itemscope\" itemtype=\"https:\/\/schema.org\/ImageObject\"  ><div class='avia-image-container-inner'><img class='avia_image ' src='https:\/\/www.jus.sk\/wp-content\/uploads\/2017\/01\/5-500.jpg' alt='' title='Injection moulding'   itemprop=\"contentURL\"  \/><\/div><\/div><\/div>\n<div class=\"flex_column av_one_fourth  flex_column_div av-zero-column-padding   jus-mobile-33 \" style='border-radius:0px; '><div class='avia-image-container  av-styling-no-styling   home-image avia-align- '  itemscope=\"itemscope\" itemtype=\"https:\/\/schema.org\/ImageObject\"  ><div class='avia-image-container-inner'><img class='avia_image ' src='https:\/\/www.jus.sk\/wp-content\/uploads\/2017\/01\/6-500.jpg' alt='' title='6-500'   itemprop=\"contentURL\"  \/><\/div><\/div><\/div>\n<div class=\"flex_column av_one_fourth  flex_column_div av-zero-column-padding   jus-mobile-33 \" style='border-radius:0px; '><div class='avia-image-container  av-styling-no-styling   home-image avia-align- '  itemscope=\"itemscope\" itemtype=\"https:\/\/schema.org\/ImageObject\"  ><div class='avia-image-container-inner'><img class='avia_image ' src='https:\/\/www.jus.sk\/wp-content\/uploads\/2017\/01\/7-500-300x202.jpg' alt='' title='7-500'   itemprop=\"contentURL\"  \/><\/div><\/div><\/div>\n","protected":false},"excerpt":{"rendered":"","protected":false},"author":1,"featured_media":0,"parent":0,"menu_order":0,"comment_status":"closed","ping_status":"open","template":"","meta":{"ngg_post_thumbnail":0},"yoast_head":"<!-- This site is optimized with the Yoast SEO plugin v16.4 - https:\/\/yoast.com\/wordpress\/plugins\/seo\/ -->\n<title>JUS, spol. s r.o. - Automatiz\u00e1cia v\u00fdrobn\u00e9ho procesu, jedno\u00fa\u010delov\u00e9 stroje, dopravn\u00edky<\/title>\n<meta name=\"description\" content=\"Spolo\u010dnos\u0165 JUS sa zaober\u00e1 automatiz\u00e1ciou v\u00fdrobn\u00e9ho procesu a v\u00fdrobou jedno\u00fa\u010delov\u00fdch strojov opieraj\u00fac sa o dlhoro\u010dn\u00e9 sk\u00fasenosti a kvalifikovan\u00fdch pracovn\u00edkov.\" \/>\n<meta name=\"robots\" content=\"index, follow, max-snippet:-1, max-image-preview:large, max-video-preview:-1\" \/>\n<link rel=\"canonical\" href=\"https:\/\/www.jus.sk\/en\/\" \/>\n<meta property=\"og:locale\" content=\"en_US\" \/>\n<meta property=\"og:type\" content=\"article\" \/>\n<meta property=\"og:title\" content=\"JUS, spol. s r.o. - Automatiz\u00e1cia v\u00fdrobn\u00e9ho procesu, jedno\u00fa\u010delov\u00e9 stroje, dopravn\u00edky\" \/>\n<meta property=\"og:description\" content=\"Spolo\u010dnos\u0165 JUS sa zaober\u00e1 automatiz\u00e1ciou v\u00fdrobn\u00e9ho procesu a v\u00fdrobou jedno\u00fa\u010delov\u00fdch strojov opieraj\u00fac sa o dlhoro\u010dn\u00e9 sk\u00fasenosti a kvalifikovan\u00fdch pracovn\u00edkov.\" \/>\n<meta property=\"og:url\" content=\"https:\/\/www.jus.sk\/en\/\" \/>\n<meta property=\"og:site_name\" content=\"JUS spol. s r.o.\" \/>\n<meta property=\"article:modified_time\" content=\"2021-06-16T05:52:54+00:00\" \/>\n<meta name=\"twitter:card\" content=\"summary\" \/>\n<meta name=\"twitter:label1\" content=\"Est. reading time\" \/>\n\t<meta name=\"twitter:data1\" content=\"7 minutes\" \/>\n<script type=\"application\/ld+json\" class=\"yoast-schema-graph\">{\"@context\":\"https:\/\/schema.org\",\"@graph\":[{\"@type\":\"WebSite\",\"@id\":\"https:\/\/www.jus.sk\/#website\",\"url\":\"https:\/\/www.jus.sk\/\",\"name\":\"JUS spol. s r.o.\",\"description\":\"JUS spol. s r.o. - Automatiz\\u00e1cia v\\u00fdrobn\\u00e9ho procesu, jedno\\u00fa\\u010delov\\u00e9 stroje, dopravn\\u00edky\",\"potentialAction\":[{\"@type\":\"SearchAction\",\"target\":\"https:\/\/www.jus.sk\/?s={search_term_string}\",\"query-input\":\"required name=search_term_string\"}],\"inLanguage\":\"en-US\"},{\"@type\":\"WebPage\",\"@id\":\"https:\/\/www.jus.sk\/en\/#webpage\",\"url\":\"https:\/\/www.jus.sk\/en\/\",\"name\":\"JUS, spol. s r.o. - Automatiz\\u00e1cia v\\u00fdrobn\\u00e9ho procesu, jedno\\u00fa\\u010delov\\u00e9 stroje, dopravn\\u00edky\",\"isPartOf\":{\"@id\":\"https:\/\/www.jus.sk\/#website\"},\"datePublished\":\"2017-01-24T20:58:59+00:00\",\"dateModified\":\"2021-06-16T05:52:54+00:00\",\"description\":\"Spolo\\u010dnos\\u0165 JUS sa zaober\\u00e1 automatiz\\u00e1ciou v\\u00fdrobn\\u00e9ho procesu a v\\u00fdrobou jedno\\u00fa\\u010delov\\u00fdch strojov opieraj\\u00fac sa o dlhoro\\u010dn\\u00e9 sk\\u00fasenosti a kvalifikovan\\u00fdch pracovn\\u00edkov.\",\"breadcrumb\":{\"@id\":\"https:\/\/www.jus.sk\/en\/#breadcrumb\"},\"inLanguage\":\"en-US\",\"potentialAction\":[{\"@type\":\"ReadAction\",\"target\":[\"https:\/\/www.jus.sk\/en\/\"]}]},{\"@type\":\"BreadcrumbList\",\"@id\":\"https:\/\/www.jus.sk\/en\/#breadcrumb\",\"itemListElement\":[{\"@type\":\"ListItem\",\"position\":1,\"item\":{\"@type\":\"WebPage\",\"@id\":\"https:\/\/www.jus.sk\/en\/\",\"url\":\"https:\/\/www.jus.sk\/en\/\",\"name\":\"Home\"}},{\"@type\":\"ListItem\",\"position\":2,\"item\":{\"@id\":\"https:\/\/www.jus.sk\/en\/#webpage\"}}]}]}<\/script>\n<!-- \/ Yoast SEO plugin. -->","_links":{"self":[{"href":"https:\/\/www.jus.sk\/en\/wp-json\/wp\/v2\/pages\/2074"}],"collection":[{"href":"https:\/\/www.jus.sk\/en\/wp-json\/wp\/v2\/pages"}],"about":[{"href":"https:\/\/www.jus.sk\/en\/wp-json\/wp\/v2\/types\/page"}],"author":[{"embeddable":true,"href":"https:\/\/www.jus.sk\/en\/wp-json\/wp\/v2\/users\/1"}],"replies":[{"embeddable":true,"href":"https:\/\/www.jus.sk\/en\/wp-json\/wp\/v2\/comments?post=2074"}],"version-history":[{"count":6,"href":"https:\/\/www.jus.sk\/en\/wp-json\/wp\/v2\/pages\/2074\/revisions"}],"predecessor-version":[{"id":2209,"href":"https:\/\/www.jus.sk\/en\/wp-json\/wp\/v2\/pages\/2074\/revisions\/2209"}],"wp:attachment":[{"href":"https:\/\/www.jus.sk\/en\/wp-json\/wp\/v2\/media?parent=2074"}],"curies":[{"name":"wp","href":"https:\/\/api.w.org\/{rel}","templated":true}]}}